{"id":4271,"date":"2024-04-19T03:42:05","date_gmt":"2024-04-19T06:42:05","guid":{"rendered":"https:\/\/transparencia.crefito6.org.br\/?page_id=4271"},"modified":"2024-04-28T15:46:51","modified_gmt":"2024-04-28T18:46:51","slug":"atos-normativos-geral","status":"publish","type":"page","link":"https:\/\/transparencia.crefito6.org.br\/index.php\/atos-normativos-geral\/","title":{"rendered":"Atos Normativos &#8211; Geral"},"content":{"rendered":"\t\t<div data-elementor-type=\"wp-page\" data-elementor-id=\"4271\" class=\"elementor elementor-4271\" data-elementor-post-type=\"page\">\n\t\t\t\t<div class=\"elementor-element elementor-element-1a53c70 e-flex e-con-boxed e-con e-child\" data-id=\"1a53c70\" data-element_type=\"container\" data-settings=\"{&quot;background_background&quot;:&quot;classic&quot;}\">\n\t\t\t\t\t<div class=\"e-con-inner\">\n\t\t\t\t<div class=\"elementor-element elementor-element-01dc2fa elementor-widget elementor-widget-heading\" data-id=\"01dc2fa\" data-element_type=\"widget\" data-widget_type=\"heading.default\">\n\t\t\t\t<div class=\"elementor-widget-container\">\n\t\t\t<style>\/*! elementor - v3.23.0 - 15-07-2024 *\/\n.elementor-heading-title{padding:0;margin:0;line-height:1}.elementor-widget-heading .elementor-heading-title[class*=elementor-size-]>a{color:inherit;font-size:inherit;line-height:inherit}.elementor-widget-heading .elementor-heading-title.elementor-size-small{font-size:15px}.elementor-widget-heading .elementor-heading-title.elementor-size-medium{font-size:19px}.elementor-widget-heading .elementor-heading-title.elementor-size-large{font-size:29px}.elementor-widget-heading .elementor-heading-title.elementor-size-xl{font-size:39px}.elementor-widget-heading .elementor-heading-title.elementor-size-xxl{font-size:59px}<\/style><h2 class=\"elementor-heading-title elementor-size-default\">Voc\u00ea est\u00e1 em:<\/h2>\t\t<\/div>\n\t\t\t\t<\/div>\n\t\t\t\t<div class=\"elementor-element elementor-element-6337a0f elementor-widget elementor-widget-heading\" data-id=\"6337a0f\" data-element_type=\"widget\" data-widget_type=\"heading.default\">\n\t\t\t\t<div class=\"elementor-widget-container\">\n\t\t\t<h2 class=\"elementor-heading-title elementor-size-default\">ATOS NORMATIVOS<\/h2>\t\t<\/div>\n\t\t\t\t<\/div>\n\t\t\t\t\t<\/div>\n\t\t\t\t<\/div>\n\t\t<div class=\"elementor-element elementor-element-e557bac e-flex e-con-boxed e-con e-child\" data-id=\"e557bac\" data-element_type=\"container\" data-settings=\"{&quot;background_background&quot;:&quot;classic&quot;}\">\n\t\t\t\t\t<div class=\"e-con-inner\">\n\t\t\t\t<div class=\"elementor-element elementor-element-0d1d841 elementor-icon-list--layout-inline elementor-list-item-link-full_width elementor-widget elementor-widget-icon-list\" data-id=\"0d1d841\" data-element_type=\"widget\" data-widget_type=\"icon-list.default\">\n\t\t\t\t<div class=\"elementor-widget-container\">\n\t\t\t<link rel=\"stylesheet\" href=\"https:\/\/transparencia.crefito6.org.br\/wp-content\/plugins\/elementor\/assets\/css\/widget-icon-list.min.css\">\t\t<ul class=\"elementor-icon-list-items elementor-inline-items\">\n\t\t\t\t\t\t\t<li class=\"elementor-icon-list-item elementor-inline-item\">\n\t\t\t\t\t\t\t\t\t\t\t<a href=\"https:\/\/transparencia.crefito6.org.br\">\n\n\t\t\t\t\t\t\t\t\t\t\t\t<span class=\"elementor-icon-list-icon\">\n\t\t\t\t\t\t\t<svg aria-hidden=\"true\" class=\"e-font-icon-svg e-fas-home\" viewBox=\"0 0 576 512\" xmlns=\"http:\/\/www.w3.org\/2000\/svg\"><path d=\"M280.37 148.26L96 300.11V464a16 16 0 0 0 16 16l112.06-.29a16 16 0 0 0 15.92-16V368a16 16 0 0 1 16-16h64a16 16 0 0 1 16 16v95.64a16 16 0 0 0 16 16.05L464 480a16 16 0 0 0 16-16V300L295.67 148.26a12.19 12.19 0 0 0-15.3 0zM571.6 251.47L488 182.56V44.05a12 12 0 0 0-12-12h-56a12 12 0 0 0-12 12v72.61L318.47 43a48 48 0 0 0-61 0L4.34 251.47a12 12 0 0 0-1.6 16.9l25.5 31A12 12 0 0 0 45.15 301l235.22-193.74a12.19 12.19 0 0 1 15.3 0L530.9 301a12 12 0 0 0 16.9-1.6l25.5-31a12 12 0 0 0-1.7-16.93z\"><\/path><\/svg>\t\t\t\t\t\t<\/span>\n\t\t\t\t\t\t\t\t\t\t<span class=\"elementor-icon-list-text\">In\u00edcio<\/span>\n\t\t\t\t\t\t\t\t\t\t\t<\/a>\n\t\t\t\t\t\t\t\t\t<\/li>\n\t\t\t\t\t\t\t\t<li class=\"elementor-icon-list-item elementor-inline-item\">\n\t\t\t\t\t\t\t\t\t\t\t<a href=\"https:\/\/transparencia.crefito6.org.br\/index.php\/atos-normativos-geral\/\">\n\n\t\t\t\t\t\t\t\t\t\t\t\t<span class=\"elementor-icon-list-icon\">\n\t\t\t\t\t\t\t<svg aria-hidden=\"true\" class=\"e-font-icon-svg e-fas-angle-right\" viewBox=\"0 0 256 512\" xmlns=\"http:\/\/www.w3.org\/2000\/svg\"><path d=\"M224.3 273l-136 136c-9.4 9.4-24.6 9.4-33.9 0l-22.6-22.6c-9.4-9.4-9.4-24.6 0-33.9l96.4-96.4-96.4-96.4c-9.4-9.4-9.4-24.6 0-33.9L54.3 103c9.4-9.4 24.6-9.4 33.9 0l136 136c9.5 9.4 9.5 24.6.1 34z\"><\/path><\/svg>\t\t\t\t\t\t<\/span>\n\t\t\t\t\t\t\t\t\t\t<span class=\"elementor-icon-list-text\">ATOS NORMATIVOS<\/span>\n\t\t\t\t\t\t\t\t\t\t\t<\/a>\n\t\t\t\t\t\t\t\t\t<\/li>\n\t\t\t\t\t\t<\/ul>\n\t\t\t\t<\/div>\n\t\t\t\t<\/div>\n\t\t\t\t\t<\/div>\n\t\t\t\t<\/div>\n\t\t<div class=\"elementor-element elementor-element-8de4027 e-flex e-con-boxed e-con e-parent\" data-id=\"8de4027\" data-element_type=\"container\">\n\t\t\t\t\t<div class=\"e-con-inner\">\n\t\t<div class=\"elementor-element elementor-element-2102db3 e-flex e-con-boxed e-con e-child\" data-id=\"2102db3\" data-element_type=\"container\" data-settings=\"{&quot;background_background&quot;:&quot;classic&quot;}\">\n\t\t\t\t\t<div class=\"e-con-inner\">\n\t\t\t\t<div class=\"elementor-element elementor-element-2ab032e elementor-widget__width-inherit elementor-widget elementor-widget-heading\" data-id=\"2ab032e\" data-element_type=\"widget\" data-widget_type=\"heading.default\">\n\t\t\t\t<div class=\"elementor-widget-container\">\n\t\t\t<h2 class=\"elementor-heading-title elementor-size-default\">Campos para pesquisa<\/h2>\t\t<\/div>\n\t\t\t\t<\/div>\n\t\t\t\t<div class=\"elementor-element elementor-element-215328b elementor-widget-divider--view-line elementor-widget elementor-widget-divider\" data-id=\"215328b\" data-element_type=\"widget\" data-widget_type=\"divider.default\">\n\t\t\t\t<div class=\"elementor-widget-container\">\n\t\t\t<style>\/*! elementor - v3.23.0 - 15-07-2024 *\/\n.elementor-widget-divider{--divider-border-style:none;--divider-border-width:1px;--divider-color:#0c0d0e;--divider-icon-size:20px;--divider-element-spacing:10px;--divider-pattern-height:24px;--divider-pattern-size:20px;--divider-pattern-url:none;--divider-pattern-repeat:repeat-x}.elementor-widget-divider .elementor-divider{display:flex}.elementor-widget-divider .elementor-divider__text{font-size:15px;line-height:1;max-width:95%}.elementor-widget-divider .elementor-divider__element{margin:0 var(--divider-element-spacing);flex-shrink:0}.elementor-widget-divider .elementor-icon{font-size:var(--divider-icon-size)}.elementor-widget-divider .elementor-divider-separator{display:flex;margin:0;direction:ltr}.elementor-widget-divider--view-line_icon .elementor-divider-separator,.elementor-widget-divider--view-line_text .elementor-divider-separator{align-items:center}.elementor-widget-divider--view-line_icon .elementor-divider-separator:after,.elementor-widget-divider--view-line_icon .elementor-divider-separator:before,.elementor-widget-divider--view-line_text .elementor-divider-separator:after,.elementor-widget-divider--view-line_text .elementor-divider-separator:before{display:block;content:\"\";border-block-end:0;flex-grow:1;border-block-start:var(--divider-border-width) var(--divider-border-style) var(--divider-color)}.elementor-widget-divider--element-align-left .elementor-divider .elementor-divider-separator>.elementor-divider__svg:first-of-type{flex-grow:0;flex-shrink:100}.elementor-widget-divider--element-align-left .elementor-divider-separator:before{content:none}.elementor-widget-divider--element-align-left .elementor-divider__element{margin-left:0}.elementor-widget-divider--element-align-right .elementor-divider .elementor-divider-separator>.elementor-divider__svg:last-of-type{flex-grow:0;flex-shrink:100}.elementor-widget-divider--element-align-right .elementor-divider-separator:after{content:none}.elementor-widget-divider--element-align-right .elementor-divider__element{margin-right:0}.elementor-widget-divider--element-align-start .elementor-divider .elementor-divider-separator>.elementor-divider__svg:first-of-type{flex-grow:0;flex-shrink:100}.elementor-widget-divider--element-align-start .elementor-divider-separator:before{content:none}.elementor-widget-divider--element-align-start .elementor-divider__element{margin-inline-start:0}.elementor-widget-divider--element-align-end .elementor-divider .elementor-divider-separator>.elementor-divider__svg:last-of-type{flex-grow:0;flex-shrink:100}.elementor-widget-divider--element-align-end .elementor-divider-separator:after{content:none}.elementor-widget-divider--element-align-end .elementor-divider__element{margin-inline-end:0}.elementor-widget-divider:not(.elementor-widget-divider--view-line_text):not(.elementor-widget-divider--view-line_icon) .elementor-divider-separator{border-block-start:var(--divider-border-width) var(--divider-border-style) var(--divider-color)}.elementor-widget-divider--separator-type-pattern{--divider-border-style:none}.elementor-widget-divider--separator-type-pattern.elementor-widget-divider--view-line .elementor-divider-separator,.elementor-widget-divider--separator-type-pattern:not(.elementor-widget-divider--view-line) .elementor-divider-separator:after,.elementor-widget-divider--separator-type-pattern:not(.elementor-widget-divider--view-line) .elementor-divider-separator:before,.elementor-widget-divider--separator-type-pattern:not([class*=elementor-widget-divider--view]) .elementor-divider-separator{width:100%;min-height:var(--divider-pattern-height);-webkit-mask-size:var(--divider-pattern-size) 100%;mask-size:var(--divider-pattern-size) 100%;-webkit-mask-repeat:var(--divider-pattern-repeat);mask-repeat:var(--divider-pattern-repeat);background-color:var(--divider-color);-webkit-mask-image:var(--divider-pattern-url);mask-image:var(--divider-pattern-url)}.elementor-widget-divider--no-spacing{--divider-pattern-size:auto}.elementor-widget-divider--bg-round{--divider-pattern-repeat:round}.rtl .elementor-widget-divider .elementor-divider__text{direction:rtl}.e-con-inner>.elementor-widget-divider,.e-con>.elementor-widget-divider{width:var(--container-widget-width,100%);--flex-grow:var(--container-widget-flex-grow)}<\/style>\t\t<div class=\"elementor-divider\">\n\t\t\t<span class=\"elementor-divider-separator\">\n\t\t\t\t\t\t<\/span>\n\t\t<\/div>\n\t\t\t\t<\/div>\n\t\t\t\t<\/div>\n\t\t\t\t<div class=\"elementor-element elementor-element-26dd7db jet-smart-filter-content-position-column elementor-widget__width-initial elementor-widget-mobile__width-inherit elementor-widget elementor-widget-jet-smart-filters-search\" data-id=\"26dd7db\" data-element_type=\"widget\" data-widget_type=\"jet-smart-filters-search.default\">\n\t\t\t\t<div class=\"elementor-widget-container\">\n\t\t\t<div class=\"jet-smart-filters-search jet-filter\"><div class=\"jet-filter-label\">Pesquisar pelo nome<\/div>\n<div class=\"jet-search-filter\" data-query-type=\"_s\" data-query-var=\"query\" data-smart-filter=\"search\" data-filter-id=\"3911\" data-apply-type=\"reload\" data-content-provider=\"jet-data-table\" data-additional-providers=\"\" data-query-id=\"default\" data-active-label=\"Pesquisar pelo nome\" data-layout-options=\"{&quot;show_label&quot;:&quot;&quot;,&quot;display_options&quot;:[]}\" data-query-var-suffix=\"search\">\n\t<div class=\"jet-search-filter__input-wrapper\">\n\t\t<input\n\t\t\tclass=\"jet-search-filter__input\"\n\t\t\ttype=\"search\"\n\t\t\tautocomplete=\"off\"\n\t\t\tname=\"query\"\n\t\t\tvalue=\"\"\n\t\t\tplaceholder=\"Nome\"\n\t\t\taria-label=\"Pesquisar pelo nome\"\n\t\t\t\t\t>\n\t\t\t<\/div>\n\t<\/div>\n<\/div>\t\t<\/div>\n\t\t\t\t<\/div>\n\t\t\t\t<div class=\"elementor-element elementor-element-6be0b06 jet-smart-filter-content-position-column elementor-widget__width-initial elementor-widget-mobile__width-inherit elementor-widget elementor-widget-jet-smart-filters-search\" data-id=\"6be0b06\" data-element_type=\"widget\" data-widget_type=\"jet-smart-filters-search.default\">\n\t\t\t\t<div class=\"elementor-widget-container\">\n\t\t\t<div class=\"jet-smart-filters-search jet-filter\"><div class=\"jet-filter-label\">Objeto<\/div>\n<div class=\"jet-search-filter\" data-query-type=\"meta_query\" data-query-var=\"informacoes-do-objeto,descricao\" data-smart-filter=\"search\" data-filter-id=\"3968\" data-apply-type=\"reload\" data-content-provider=\"jet-data-table\" data-additional-providers=\"\" data-query-id=\"default\" data-active-label=\"Objeto\" data-layout-options=\"{&quot;show_label&quot;:&quot;&quot;,&quot;display_options&quot;:[]}\" data-query-var-suffix=\"search\">\n\t<div class=\"jet-search-filter__input-wrapper\">\n\t\t<input\n\t\t\tclass=\"jet-search-filter__input\"\n\t\t\ttype=\"search\"\n\t\t\tautocomplete=\"off\"\n\t\t\tname=\"informacoes-do-objeto,descricao\"\n\t\t\tvalue=\"\"\n\t\t\tplaceholder=\"\"\n\t\t\taria-label=\"Objeto\"\n\t\t\t\t\t>\n\t\t\t<\/div>\n\t<\/div>\n<\/div>\t\t<\/div>\n\t\t\t\t<\/div>\n\t\t\t\t<div class=\"elementor-element elementor-element-85a351d elementor-widget__width-initial elementor-widget-mobile__width-inherit jet-smart-filter-content-position-column jet-smart-filter-group-position-column elementor-widget elementor-widget-jet-smart-filters-select\" data-id=\"85a351d\" data-element_type=\"widget\" data-widget_type=\"jet-smart-filters-select.default\">\n\t\t\t\t<div class=\"elementor-widget-container\">\n\t\t\t<div class=\"jet-smart-filters-select jet-filter \" data-indexer-rule=\"show\" data-show-counter=\"\" data-change-counter=\"always\"><div class=\"jet-filter-label\">Setor<\/div>\n<div class=\"jet-select\" data-query-type=\"meta_query\" data-query-var=\"setor,setor-cont,setor-ato\" data-smart-filter=\"select\" data-filter-id=\"3511\" data-apply-type=\"reload\" data-content-provider=\"jet-data-table\" data-additional-providers=\"\" data-query-id=\"default\" data-active-label=\"Setor\" data-layout-options=\"{&quot;show_label&quot;:true,&quot;display_options&quot;:{&quot;show_items_label&quot;:false,&quot;show_decorator&quot;:false,&quot;filter_image_size&quot;:&quot;full&quot;,&quot;show_counter&quot;:false}}\" data-query-var-suffix=\"\">\n\t\t\t\t<select\n\t\t\tclass=\"jet-select__control\"\n\t\t\tname=\"setor,setor-cont,setor-ato\"\n\t\t\t\t\t\taria-label=\"Setor\"\n\t\t>\n\t\t\n\t\t\t\t\t<option\n\t\t\t\tvalue=\"\"\n\t\t\t\tdata-label=\"Selecione\"\n\t\t\t\tdata-counter-prefix=\"\"\n\t\t\t\tdata-counter-suffix=\"\"\n\t\t\t\t\t\t\t>Selecione<\/option>\n\t\t\t\t\t\t<option\n\t\t\t\tvalue=\"ASSESSORIA DA PRESID\u00caNCIA\"\n\t\t\t\tdata-label=\"ASSESSORIA DA PRESID\u00caNCIA\"\n\t\t\t\tdata-counter-prefix=\"\"\n\t\t\t\tdata-counter-suffix=\"\"\n\t\t\t\t\t\t\t>ASSESSORIA DA PRESID\u00caNCIA<\/option>\n\t\t\t\t\t\t<option\n\t\t\t\tvalue=\"ASSESSORIA JUR\u00cdDICA\"\n\t\t\t\tdata-label=\"ASSESSORIA JUR\u00cdDICA\"\n\t\t\t\tdata-counter-prefix=\"\"\n\t\t\t\tdata-counter-suffix=\"\"\n\t\t\t\t\t\t\t>ASSESSORIA JUR\u00cdDICA<\/option>\n\t\t\t\t\t\t<option\n\t\t\t\tvalue=\"COORDENA\u00c7\u00c3O\"\n\t\t\t\tdata-label=\"COORDENA\u00c7\u00c3O\"\n\t\t\t\tdata-counter-prefix=\"\"\n\t\t\t\tdata-counter-suffix=\"\"\n\t\t\t\t\t\t\t>COORDENA\u00c7\u00c3O<\/option>\n\t\t\t\t\t\t<option\n\t\t\t\tvalue=\"DEPARTAMENTO DE LICITA\u00c7\u00d5ES\"\n\t\t\t\tdata-label=\"DEPARTAMENTO DE LICITA\u00c7\u00d5ES\"\n\t\t\t\tdata-counter-prefix=\"\"\n\t\t\t\tdata-counter-suffix=\"\"\n\t\t\t\t\t\t\t>DEPARTAMENTO DE LICITA\u00c7\u00d5ES<\/option>\n\t\t\t\t\t\t<option\n\t\t\t\tvalue=\"FINANCEIRO\"\n\t\t\t\tdata-label=\"FINANCEIRO\"\n\t\t\t\tdata-counter-prefix=\"\"\n\t\t\t\tdata-counter-suffix=\"\"\n\t\t\t\t\t\t\t>FINANCEIRO<\/option>\n\t\t\t\t\t\t<option\n\t\t\t\tvalue=\"FISCALIZA\u00c7\u00c3O\"\n\t\t\t\tdata-label=\"FISCALIZA\u00c7\u00c3O\"\n\t\t\t\tdata-counter-prefix=\"\"\n\t\t\t\tdata-counter-suffix=\"\"\n\t\t\t\t\t\t\t>FISCALIZA\u00c7\u00c3O<\/option>\n\t\t\t\t\t\t<option\n\t\t\t\tvalue=\"SECRETARIA\"\n\t\t\t\tdata-label=\"SECRETARIA\"\n\t\t\t\tdata-counter-prefix=\"\"\n\t\t\t\tdata-counter-suffix=\"\"\n\t\t\t\t\t\t\t>SECRETARIA<\/option>\n\t\t\t\t\t\t<option\n\t\t\t\tvalue=\"T.I\"\n\t\t\t\tdata-label=\"T.I\"\n\t\t\t\tdata-counter-prefix=\"\"\n\t\t\t\tdata-counter-suffix=\"\"\n\t\t\t\t\t\t\t>T.I<\/option>\n\t\t\t<\/select>\n\t<\/div>\n<\/div>\t\t<\/div>\n\t\t\t\t<\/div>\n\t\t\t\t<div class=\"elementor-element elementor-element-13c414b elementor-widget__width-initial elementor-widget-mobile__width-inherit jet-smart-filter-content-position-column jet-smart-filter-group-position-column elementor-widget elementor-widget-jet-smart-filters-select\" data-id=\"13c414b\" data-element_type=\"widget\" data-widget_type=\"jet-smart-filters-select.default\">\n\t\t\t\t<div class=\"elementor-widget-container\">\n\t\t\t<div class=\"jet-smart-filters-select jet-filter \" data-indexer-rule=\"show\" data-show-counter=\"\" data-change-counter=\"always\"><div class=\"jet-filter-label\">Exerc\u00edcio<\/div>\n<div class=\"jet-select\" data-query-type=\"meta_query\" data-query-var=\"exerc-leg,exerc-ata,exerc_finan,exerc_patri,exerc-ctc,exerc-emp,exercicio,exercicio-pca,exercicio-atos,exercicio-auxiliares,exercicio-registro,exercicio-suspensas,exercicio-intencao\" data-smart-filter=\"select\" data-filter-id=\"2504\" data-apply-type=\"reload\" data-content-provider=\"jet-data-table\" data-additional-providers=\"\" data-query-id=\"default\" data-active-label=\"Exerc\u00edcio\" data-layout-options=\"{&quot;show_label&quot;:true,&quot;display_options&quot;:{&quot;show_items_label&quot;:false,&quot;show_decorator&quot;:false,&quot;filter_image_size&quot;:&quot;full&quot;,&quot;show_counter&quot;:false}}\" data-query-var-suffix=\"\">\n\t\t\t\t<select\n\t\t\tclass=\"jet-select__control\"\n\t\t\tname=\"exerc-leg,exerc-ata,exerc_finan,exerc_patri,exerc-ctc,exerc-emp,exercicio,exercicio-pca,exercicio-atos,exercicio-auxiliares,exercicio-registro,exercicio-suspensas,exercicio-intencao\"\n\t\t\t\t\t\taria-label=\"Exerc\u00edcio\"\n\t\t>\n\t\t\n\t\t\t\t\t<option\n\t\t\t\tvalue=\"\"\n\t\t\t\tdata-label=\"Selecione \"\n\t\t\t\tdata-counter-prefix=\"\"\n\t\t\t\tdata-counter-suffix=\"\"\n\t\t\t\t\t\t\t>Selecione <\/option>\n\t\t\t\t\t\t<option\n\t\t\t\tvalue=\"2022\"\n\t\t\t\tdata-label=\"2022\"\n\t\t\t\tdata-counter-prefix=\"\"\n\t\t\t\tdata-counter-suffix=\"\"\n\t\t\t\t\t\t\t>2022<\/option>\n\t\t\t\t\t\t<option\n\t\t\t\tvalue=\"2023\"\n\t\t\t\tdata-label=\"2023\"\n\t\t\t\tdata-counter-prefix=\"\"\n\t\t\t\tdata-counter-suffix=\"\"\n\t\t\t\t\t\t\t>2023<\/option>\n\t\t\t\t\t\t<option\n\t\t\t\tvalue=\"2024\"\n\t\t\t\tdata-label=\"2024\"\n\t\t\t\tdata-counter-prefix=\"\"\n\t\t\t\tdata-counter-suffix=\"\"\n\t\t\t\t\t\t\t>2024<\/option>\n\t\t\t<\/select>\n\t<\/div>\n<\/div>\t\t<\/div>\n\t\t\t\t<\/div>\n\t\t<div class=\"elementor-element elementor-element-2ad513a e-flex e-con-boxed e-con e-child\" data-id=\"2ad513a\" data-element_type=\"container\">\n\t\t\t\t\t<div class=\"e-con-inner\">\n\t\t\t\t<div class=\"elementor-element elementor-element-afacc7a elementor-widget elementor-widget-jet-smart-filters-apply-button\" data-id=\"afacc7a\" data-element_type=\"widget\" data-widget_type=\"jet-smart-filters-apply-button.default\">\n\t\t\t\t<div class=\"elementor-widget-container\">\n\t\t\t<div class=\"jet-smart-filters-apply-button jet-filter\"><div class=\"apply-filters\"  data-content-provider=\"jet-data-table\" data-query-id=\"default\" data-additional-providers=\"\" data-apply-type=\"reload\" data-redirect=\"\">\n\t<button\n\t\ttype=\"button\"\n\t\tclass=\"apply-filters__button\"\n\t\t\t>Aplicar Filtros<\/button>\n<\/div><\/div>\t\t<\/div>\n\t\t\t\t<\/div>\n\t\t\t\t<div class=\"elementor-element elementor-element-791e35f elementor-widget elementor-widget-jet-smart-filters-remove-filters hide-widget\" data-id=\"791e35f\" data-element_type=\"widget\" data-widget_type=\"jet-smart-filters-remove-filters.default\">\n\t\t\t\t<div class=\"elementor-widget-container\">\n\t\t\t<div class=\"jet-smart-filters-remove-filters jet-filter\"><div class=\"jet-remove-all-filters hide\">\n\t<button\n\t\ttype=\"button\"\n\t\tclass=\"jet-remove-all-filters__button\"\n\t\tdata-content-provider=\"jet-data-table\"\n\t\tdata-additional-providers=\"\"\n\t\tdata-apply-type=\"reload\"\n\t\tdata-query-id=\"default\"\n\t\t\t>\n\t\tRemover Filtros\t<\/button>\n<\/div><\/div>\t\t<\/div>\n\t\t\t\t<\/div>\n\t\t\t\t\t<\/div>\n\t\t\t\t<\/div>\n\t\t\t\t\t<\/div>\n\t\t\t\t<\/div>\n\t\t<div class=\"elementor-element elementor-element-e1d3c94 e-flex e-con-boxed e-con e-child\" data-id=\"e1d3c94\" data-element_type=\"container\">\n\t\t\t\t\t<div class=\"e-con-inner\">\n\t\t\t\t<div class=\"elementor-element elementor-element-55d8e21 elementor-widget elementor-widget-heading\" data-id=\"55d8e21\" data-element_type=\"widget\" data-widget_type=\"heading.default\">\n\t\t\t\t<div class=\"elementor-widget-container\">\n\t\t\t<h2 class=\"elementor-heading-title elementor-size-default\">Exibindo <span class=\"jet-engine-query-count query-57 count-type-visible\" data-query=\"57\">0<\/span> Resultados:<\/h2>\t\t<\/div>\n\t\t\t\t<\/div>\n\t\t\t\t<div class=\"elementor-element elementor-element-4884423 elementor-widget-mobile__width-inherit elementor-widget elementor-widget-jet-smart-filters-pagination\" data-id=\"4884423\" data-element_type=\"widget\" data-widget_type=\"jet-smart-filters-pagination.default\">\n\t\t\t\t<div class=\"elementor-widget-container\">\n\t\t\t<div\n\t\t\t\tclass=\"jet-smart-filters-pagination jet-filter\"\n\t\t\t\tdata-apply-provider=\"jet-data-table\"\n\t\t\t\tdata-content-provider=\"jet-data-table\"\n\t\t\t\tdata-query-id=\"default\"\n\t\t\t\tdata-controls=\"{&quot;items_enabled&quot;:true,&quot;pages_mid_size&quot;:0,&quot;pages_end_size&quot;:0,&quot;nav_enabled&quot;:true,&quot;prev&quot;:&quot;&lt;&quot;,&quot;next&quot;:&quot;&gt;&quot;,&quot;load_more_enabled&quot;:false,&quot;provider_top_offset&quot;:0}\"\n\t\t\t\tdata-apply-type=\"ajax\"\n\t\t\t><\/div>\t\t<\/div>\n\t\t\t\t<\/div>\n\t\t\t\t\t<\/div>\n\t\t\t\t<\/div>\n\t\t\t\t<div class=\"elementor-element elementor-element-8b2c993 elementor-widget elementor-widget-jet-dynamic-table\" data-id=\"8b2c993\" data-element_type=\"widget\" data-widget_type=\"jet-dynamic-table.default\">\n\t\t\t\t<div class=\"elementor-widget-container\">\n\t\t\t<style><\/style><div class=\"jet-dynamic-table-wrapper\" style=\"max-width: 100%; overflow: auto;\"><table class=\"jet-dynamic-table\" data-table-id=\"53\" data-query-id=\"57\"><thead class=\"jet-dynamic-table__header\"><tr class=\"jet-dynamic-table__row jet-dynamic-table__row--header\" ><th class=\"jet-dynamic-table__col jet-dynamic-table__col--ato\" style=\"width:30%; min-width:30%;vertical-align:middle;text-align:left;\">Ato<\/th><th class=\"jet-dynamic-table__col jet-dynamic-table__col--datapublicao\" style=\"width:15%; min-width:15%;vertical-align:middle;text-align:center;\">Data Publica\u00e7\u00e3o<\/th><th class=\"jet-dynamic-table__col jet-dynamic-table__col--descrio\" style=\"vertical-align:middle;text-align:left;\">Descri\u00e7\u00e3o<\/th><th class=\"jet-dynamic-table__col jet-dynamic-table__col--mais\" style=\"width:4%; min-width:4%;vertical-align:middle;text-align:center;\">Mais<\/th><\/tr><\/thead><tbody class=\"jet-dynamic-table__body\"><\/tbody><\/table><\/div>\t\t<\/div>\n\t\t\t\t<\/div>\n\t\t\t\t<div class=\"elementor-element elementor-element-df48f0d elementor-widget elementor-widget-jet-smart-filters-pagination\" data-id=\"df48f0d\" data-element_type=\"widget\" data-widget_type=\"jet-smart-filters-pagination.default\">\n\t\t\t\t<div class=\"elementor-widget-container\">\n\t\t\t<div\n\t\t\t\tclass=\"jet-smart-filters-pagination jet-filter\"\n\t\t\t\tdata-apply-provider=\"jet-data-table\"\n\t\t\t\tdata-content-provider=\"jet-data-table\"\n\t\t\t\tdata-query-id=\"default\"\n\t\t\t\tdata-controls=\"{&quot;items_enabled&quot;:true,&quot;pages_mid_size&quot;:0,&quot;pages_end_size&quot;:0,&quot;nav_enabled&quot;:true,&quot;prev&quot;:&quot;&lt;&quot;,&quot;next&quot;:&quot;&gt;&quot;,&quot;load_more_enabled&quot;:false,&quot;provider_top_offset&quot;:0}\"\n\t\t\t\tdata-apply-type=\"ajax\"\n\t\t\t><\/div>\t\t<\/div>\n\t\t\t\t<\/div>\n\t\t\t\t\t<\/div>\n\t\t\t\t<\/div>\n\t\t\t\t<\/div>\n\t\t","protected":false},"excerpt":{"rendered":"<p>Voc\u00ea est\u00e1 em: ATOS NORMATIVOS In\u00edcio ATOS NORMATIVOS Campos para pesquisa Pesquisar pelo nome Objeto Setor SelecioneDiretoriaFinanceiroT.I Exerc\u00edcio Selecione 202220232024 Aplicar Filtros Remover Filtros Ato Data Publica\u00e7\u00e3o Descri\u00e7\u00e3o Mais MATRIZ DE RISCO 2024 10\/04\/2024 dfh h sh sh sthdgh dhd ghdg h dgh dghd ghd gh dg hd gh dgh d gh dgh dgh d [&hellip;]<\/p>\n","protected":false},"author":1,"featured_media":0,"parent":0,"menu_order":0,"comment_status":"closed","ping_status":"closed","template":"elementor_header_footer","meta":{"footnotes":""},"class_list":["post-4271","page","type-page","status-publish","hentry"],"_links":{"self":[{"href":"https:\/\/transparencia.crefito6.org.br\/index.php\/wp-json\/wp\/v2\/pages\/4271","targetHints":{"allow":["GET"]}}],"collection":[{"href":"https:\/\/transparencia.crefito6.org.br\/index.php\/wp-json\/wp\/v2\/pages"}],"about":[{"href":"https:\/\/transparencia.crefito6.org.br\/index.php\/wp-json\/wp\/v2\/types\/page"}],"author":[{"embeddable":true,"href":"https:\/\/transparencia.crefito6.org.br\/index.php\/wp-json\/wp\/v2\/users\/1"}],"replies":[{"embeddable":true,"href":"https:\/\/transparencia.crefito6.org.br\/index.php\/wp-json\/wp\/v2\/comments?post=4271"}],"version-history":[{"count":28,"href":"https:\/\/transparencia.crefito6.org.br\/index.php\/wp-json\/wp\/v2\/pages\/4271\/revisions"}],"predecessor-version":[{"id":4569,"href":"https:\/\/transparencia.crefito6.org.br\/index.php\/wp-json\/wp\/v2\/pages\/4271\/revisions\/4569"}],"wp:attachment":[{"href":"https:\/\/transparencia.crefito6.org.br\/index.php\/wp-json\/wp\/v2\/media?parent=4271"}],"curies":[{"name":"wp","href":"https:\/\/api.w.org\/{rel}","templated":true}]}}